{"id":7257,"date":"2025-12-21T00:33:24","date_gmt":"2025-12-20T17:33:24","guid":{"rendered":"https:\/\/chaoshowmkt.site\/?page_id=7257"},"modified":"2026-01-12T13:36:39","modified_gmt":"2026-01-12T06:36:39","slug":"booking","status":"publish","type":"page","link":"https:\/\/chaoshowmkt.site\/vi\/booking\/","title":{"rendered":"\u0110\u1eb7t ch\u1ed7"},"content":{"rendered":"<div data-elementor-type=\"wp-page\" data-elementor-id=\"7257\" class=\"elementor elementor-7257\" data-elementor-post-type=\"page\">\n\t\t\t\t<div class=\"elementor-element elementor-element-e3337fb e-flex e-con-boxed e-con e-parent\" data-id=\"e3337fb\" data-element_type=\"container\">\n\t\t\t\t\t<div class=\"e-con-inner\">\n\t\t<div class=\"elementor-element elementor-element-7c8bf19 e-flex e-con-boxed e-con e-child\" data-id=\"7c8bf19\" data-element_type=\"container\" data-settings=\"{&quot;background_background&quot;:&quot;classic&quot;}\">\n\t\t\t\t\t<div class=\"e-con-inner\">\n\t\t\t\t<div class=\"elementor-element elementor-element-112fc20 elementor-widget elementor-widget-heading\" data-id=\"112fc20\" data-element_type=\"widget\" data-widget_type=\"heading.default\">\n\t\t\t\t\t<h2 class=\"elementor-heading-title elementor-size-default\">Policy of Chao Show<\/h2>\t\t\t\t<\/div>\n\t\t\t\t<div class=\"elementor-element elementor-element-e69c271 elementor-widget elementor-widget-text-editor\" data-id=\"e69c271\" data-element_type=\"widget\" data-widget_type=\"text-editor.default\">\n\t\t\t\t\t\t\t\t\t<ul><li>Qu\u00fd kh\u00e1ch vui l\u00f2ng th\u00f4ng b\u00e1o cho nh\u00e2n vi\u00ean \u0111\u1eb7t ch\u1ed7 c\u1ee7a ch\u00fang t\u00f4i v\u1ec1 b\u1ea5t k\u1ef3 d\u1ecb \u1ee9ng th\u1ef1c ph\u1ea9m ho\u1eb7c y\u00eau c\u1ea7u ch\u1ebf \u0111\u1ed9 \u0103n u\u1ed1ng \u0111\u1eb7c bi\u1ec7t n\u00e0o t\u1ea1i th\u1eddi \u0111i\u1ec3m \u0111\u1eb7t ch\u1ed7. Chao Show s\u1ebd kh\u00f4ng ch\u1ecbu tr\u00e1ch nhi\u1ec7m cho b\u1ea5t k\u1ef3 s\u1ef1 c\u1ed1 n\u00e0o ph\u00e1t sinh t\u1eeb c\u00e1c t\u00ecnh tr\u1ea1ng s\u1ee9c kh\u1ecfe ho\u1eb7c h\u1ea1n ch\u1ebf v\u1ec1 ch\u1ebf \u0111\u1ed9 \u0103n u\u1ed1ng ch\u01b0a \u0111\u01b0\u1ee3c ti\u1ebft l\u1ed9.<\/li><li>Th\u1ebb x\u00e1c nh\u1eadn \u0111\u1eb7t ph\u00f2ng kh\u00f4ng \u0111\u01b0\u1ee3c ho\u00e0n l\u1ea1i ho\u1eb7c \u0111\u1ed5i tr\u1ea3.<\/li><li>01 phi\u1ebfu x\u00e1c nh\u1eadn \u0111\u1eb7t ph\u00f2ng d\u00e0nh cho 01 kh\u00e1ch<\/li><li>Tr\u1ebb em d\u01b0\u1edbi 1m2 kh\u00f4ng \u0111\u01b0\u1ee3c ph\u00e9p v\u00e0o kh\u00e1n ph\u00f2ng.<\/li><li>Vi\u1ec7c s\u1eed d\u1ee5ng b\u1ea5t k\u1ef3 thi\u1ebft b\u1ecb ghi \u00e2m\/ghi h\u00ecnh chuy\u00ean nghi\u1ec7p n\u00e0o \u0111\u1ec1u b\u1ecb nghi\u00eam c\u1ea5m trong kh\u00e1n ph\u00f2ng trong su\u1ed1t bu\u1ed5i bi\u1ec3u di\u1ec5n.<\/li><li>Nh\u1eefng ng\u01b0\u1eddi \u0111\u1ebfn mu\u1ed9n ph\u1ea3i \u0111\u1ee3i \u0111\u1ebfn gi\u1edd ngh\u1ec9 gi\u1eefa hai b\u1ea3n nh\u1ea1c m\u1edbi \u0111\u01b0\u1ee3c v\u00e0o.<\/li><li>Vui l\u00f2ng m\u1eb7c trang ph\u1ee5c trang tr\u1ecdng khi xem ch\u01b0\u01a1ng tr\u00ecnh.<\/li><\/ul>\t\t\t\t\t\t\t\t<\/div>\n\t\t\t\t\t<\/div>\n\t\t\t\t<\/div>\n\t\t<div class=\"elementor-element elementor-element-69a6f3b e-flex e-con-boxed e-con e-child\" data-id=\"69a6f3b\" data-element_type=\"container\">\n\t\t\t\t\t<div class=\"e-con-inner\">\n\t\t<div class=\"elementor-element elementor-element-45720d6 e-con-full e-flex e-con e-child\" data-id=\"45720d6\" data-element_type=\"container\" data-settings=\"{&quot;background_background&quot;:&quot;classic&quot;}\">\n\t\t<div class=\"elementor-element elementor-element-21da23a e-con-full e-flex e-con e-child\" data-id=\"21da23a\" data-element_type=\"container\">\n\t\t\t\t<div class=\"elementor-element elementor-element-c7c1e13 elementor-widget elementor-widget-ova_logo\" data-id=\"c7c1e13\" data-element_type=\"widget\" data-widget_type=\"ova_logo.default\">\n\t\t\t\t<div class=\"elementor-widget-container\">\n\t\t\t\t\t\n\t\t<div class=\"brand_el\">\n\n\t\t\t\n\t\t\t\t<img decoding=\"async\" src=\"https:\/\/chaoshowmkt.site\/wp-content\/uploads\/2025\/11\/Asset-2.png\" \n\t\t\t\t\talt=\"CHAO SHOW\" \n\t\t\t\t\tclass=\"logo_desktop\" \n\t\t\t\t\tstyle=\"width:auto ; height:auto\" \n\t\t\t\t\/>\n\n\t\t\t\t<img decoding=\"async\" src=\"https:\/\/chaoshowmkt.site\/wp-content\/plugins\/elementor\/assets\/images\/placeholder.png\" \n\t\t\t\t\talt=\"CHAO SHOW\" \n\t\t\t\t\tclass=\"logo_mobile\" \n\t\t\t\t\tstyle=\"width:132px ;  height:36px\" \n\t\t\t\t\/>\n\n\t\t\t\t<img decoding=\"async\" src=\"https:\/\/chaoshowmkt.site\/wp-content\/plugins\/elementor\/assets\/images\/placeholder.png\" \n\t\t\t\t\talt=\"CHAO SHOW\" \n\t\t\t\t\tclass=\"logo_sticky\" \n\t\t\t\t\tstyle=\"width:132px ; height:36px\" \n\t\t\t\t\/>\n\n\t\t\t\n\t\t<\/div>\n\n\t\t\t\t\t\t<\/div>\n\t\t\t\t<\/div>\n\t\t\t\t<div class=\"elementor-element elementor-element-ec7bee9 elementor-widget elementor-widget-heading\" data-id=\"ec7bee9\" data-element_type=\"widget\" data-widget_type=\"heading.default\">\n\t\t\t\t\t<h2 class=\"elementor-heading-title elementor-size-default\">CHAO SHOW<\/h2>\t\t\t\t<\/div>\n\t\t\t\t<div class=\"elementor-element elementor-element-666b125 elementor-widget elementor-widget-heading\" data-id=\"666b125\" data-element_type=\"widget\" data-widget_type=\"heading.default\">\n\t\t\t\t\t<h2 class=\"elementor-heading-title elementor-size-default\"> A FEAST FOR SENSES<\/h2>\t\t\t\t<\/div>\n\t\t\t\t<\/div>\n\t\t\t\t<div class=\"elementor-element elementor-element-0774dd5 elementor-list-item-link-full_width elementor-widget elementor-widget-icon-list\" data-id=\"0774dd5\" data-element_type=\"widget\" data-widget_type=\"icon-list.default\">\n\t\t\t\t\t\t\t<ul class=\"elementor-icon-list-items\">\n\t\t\t\t\t\t\t<li class=\"elementor-icon-list-item\">\n\t\t\t\t\t\t\t\t\t\t\t<span class=\"elementor-icon-list-icon\">\n\t\t\t\t\t\t\t<svg aria-hidden=\"true\" class=\"e-font-icon-svg e-fas-clock\" viewbox=\"0 0 512 512\" xmlns=\"http:\/\/www.w3.org\/2000\/svg\"><path d=\"M256,8C119,8,8,119,8,256S119,504,256,504,504,393,504,256,393,8,256,8Zm92.49,313h0l-20,25a16,16,0,0,1-22.49,2.5h0l-67-49.72a40,40,0,0,1-15-31.23V112a16,16,0,0,1,16-16h32a16,16,0,0,1,16,16V256l58,42.5A16,16,0,0,1,348.49,321Z\"><\/path><\/svg>\t\t\t\t\t\t<\/span>\n\t\t\t\t\t\t\t\t\t\t<span class=\"elementor-icon-list-text\">Time: 19:00 - 20:30, March 2025<\/span>\n\t\t\t\t\t\t\t\t\t<\/li>\n\t\t\t\t\t\t\t\t<li class=\"elementor-icon-list-item\">\n\t\t\t\t\t\t\t\t\t\t\t<span class=\"elementor-icon-list-icon\">\n\t\t\t\t\t\t\t<svg aria-hidden=\"true\" class=\"e-font-icon-svg e-fas-map-marker-alt\" viewbox=\"0 0 384 512\" xmlns=\"http:\/\/www.w3.org\/2000\/svg\"><path d=\"M172.268 501.67C26.97 291.031 0 269.413 0 192 0 85.961 85.961 0 192 0s192 85.961 192 192c0 77.413-26.97 99.031-172.268 309.67-9.535 13.774-29.93 13.773-39.464 0zM192 272c44.183 0 80-35.817 80-80s-35.817-80-80-80-80 35.817-80 80 35.817 80 80 80z\"><\/path><\/svg>\t\t\t\t\t\t<\/span>\n\t\t\t\t\t\t\t\t\t\t<span class=\"elementor-icon-list-text\">6 Nguyen Sieu Street, Sai Gon Ward, Ho Chi Minh City<\/span>\n\t\t\t\t\t\t\t\t\t<\/li>\n\t\t\t\t\t\t\t\t<li class=\"elementor-icon-list-item\">\n\t\t\t\t\t\t\t\t\t\t\t<span class=\"elementor-icon-list-icon\">\n\t\t\t\t\t\t\t<svg aria-hidden=\"true\" class=\"e-font-icon-svg e-far-calendar-times\" viewbox=\"0 0 448 512\" xmlns=\"http:\/\/www.w3.org\/2000\/svg\"><path d=\"M311.7 374.7l-17 17c-4.7 4.7-12.3 4.7-17 0L224 337.9l-53.7 53.7c-4.7 4.7-12.3 4.7-17 0l-17-17c-4.7-4.7-4.7-12.3 0-17l53.7-53.7-53.7-53.7c-4.7-4.7-4.7-12.3 0-17l17-17c4.7-4.7 12.3-4.7 17 0l53.7 53.7 53.7-53.7c4.7-4.7 12.3-4.7 17 0l17 17c4.7 4.7 4.7 12.3 0 17L257.9 304l53.7 53.7c4.8 4.7 4.8 12.3.1 17zM448 112v352c0 26.5-21.5 48-48 48H48c-26.5 0-48-21.5-48-48V112c0-26.5 21.5-48 48-48h48V12c0-6.6 5.4-12 12-12h40c6.6 0 12 5.4 12 12v52h128V12c0-6.6 5.4-12 12-12h40c6.6 0 12 5.4 12 12v52h48c26.5 0 48 21.5 48 48zm-48 346V160H48v298c0 3.3 2.7 6 6 6h340c3.3 0 6-2.7 6-6z\"><\/path><\/svg>\t\t\t\t\t\t<\/span>\n\t\t\t\t\t\t\t\t\t\t<span class=\"elementor-icon-list-text\">From Tuesday to Sunday<\/span>\n\t\t\t\t\t\t\t\t\t<\/li>\n\t\t\t\t\t\t<\/ul>\n\t\t\t\t\t\t<\/div>\n\t\t\t\t<div class=\"elementor-element elementor-element-207d339 elementor-widget-divider--view-line elementor-widget elementor-widget-divider\" data-id=\"207d339\" data-element_type=\"widget\" data-widget_type=\"divider.default\">\n\t\t\t\t\t\t\t<div class=\"elementor-divider\">\n\t\t\t<span class=\"elementor-divider-separator\">\n\t\t\t\t\t\t<\/span>\n\t\t<\/div>\n\t\t\t\t\t\t<\/div>\n\t\t\t\t<div class=\"elementor-element elementor-element-483229d elementor-widget elementor-widget-text-editor\" data-id=\"483229d\" data-element_type=\"widget\" data-widget_type=\"text-editor.default\">\n\t\t\t\t\t\t\t\t\t<p>(The show includes a music performance, a visuals, and dinner)<\/p>\t\t\t\t\t\t\t\t<\/div>\n\t\t\t\t<\/div>\n\t\t<div class=\"elementor-element elementor-element-d5ff230 e-con-full e-flex e-con e-child\" data-id=\"d5ff230\" data-element_type=\"container\">\n\t\t\t\t<div class=\"elementor-element elementor-element-4137966 elementor-widget elementor-widget-stepbooking\" data-id=\"4137966\" data-element_type=\"widget\" data-widget_type=\"stepbooking.default\">\n\t\t\t\t<div class=\"elementor-widget-container\">\n\t\t\t\t\t\n<script>\n  if (typeof hasAmeliaEntitiesApiCall === 'undefined' && ('' === '' && '' !== '1')) {\n    var hasAmeliaEntitiesApiCall = true;\n  }\n  var ameliaShortcodeData = (typeof ameliaShortcodeData === 'undefined') ? [] : ameliaShortcodeData;\n  ameliaShortcodeData.push(\n    {\n      'hasApiCall': (typeof hasAmeliaEntitiesApiCall !== 'undefined') && hasAmeliaEntitiesApiCall,\n      'trigger': '',\n      'trigger_type': '',\n      'triggered_form': 'sbsNew',\n      'in_dialog': '',\n      'show': '',\n      'counter': '1000',\n      'category': '',\n      'service': '',\n      'employee': '',\n      'location': '',\n      'package': '',\n      'layout': '1',\n    }\n  );\n\n  var ameliaShortcodeDataTriggered = (typeof ameliaShortcodeDataTriggered === 'undefined') ? [] : ameliaShortcodeDataTriggered;\n  if (ameliaShortcodeData[ameliaShortcodeData.length - 1].trigger !== '') {\n    if (ameliaShortcodeDataTriggered.filter(a => a.counter === ameliaShortcodeData[ameliaShortcodeData.length - 1].counter).length === 0) {\n      ameliaShortcodeDataTriggered.push(ameliaShortcodeData.pop());\n    } else {\n      ameliaShortcodeData.pop()\n    }\n  }\n  if (typeof hasAmeliaEntitiesApiCall !== 'undefined' && hasAmeliaEntitiesApiCall) {\n    hasAmeliaEntitiesApiCall = false;\n  }\n<\/script>\n\n<div\n  id=\"amelia-v2-booking-1000\"\n  class=\"amelia-v2-booking\"\n >\n    <step-form-wrapper><\/step-form-wrapper><\/div>\n\t\t\t\t<\/div>\n\t\t\t\t<\/div>\n\t\t\t\t<\/div>\n\t\t\t\t\t<\/div>\n\t\t\t\t<\/div>\n\t\t\t\t\t<\/div>\n\t\t\t\t<\/div>\n\t\t\t\t<\/div>","protected":false},"excerpt":{"rendered":"<p>Policy of Chao Show Guests are required to inform our booking staff of any food allergies or special dietary requirements at the time of reservation. Chao Show shall not be held liable for any incidents arising from undisclosed medical conditions or dietary restrictions. Booking confirmation cards are non-refundable or exchangeable. 01 booking confirmation card is [&hellip;]<\/p>","protected":false},"author":1,"featured_media":0,"parent":0,"menu_order":0,"comment_status":"closed","ping_status":"closed","template":"","meta":{"footnotes":""},"class_list":["post-7257","page","type-page","status-publish","hentry"],"_links":{"self":[{"href":"https:\/\/chaoshowmkt.site\/vi\/wp-json\/wp\/v2\/pages\/7257","targetHints":{"allow":["GET"]}}],"collection":[{"href":"https:\/\/chaoshowmkt.site\/vi\/wp-json\/wp\/v2\/pages"}],"about":[{"href":"https:\/\/chaoshowmkt.site\/vi\/wp-json\/wp\/v2\/types\/page"}],"author":[{"embeddable":true,"href":"https:\/\/chaoshowmkt.site\/vi\/wp-json\/wp\/v2\/users\/1"}],"replies":[{"embeddable":true,"href":"https:\/\/chaoshowmkt.site\/vi\/wp-json\/wp\/v2\/comments?post=7257"}],"version-history":[{"count":17,"href":"https:\/\/chaoshowmkt.site\/vi\/wp-json\/wp\/v2\/pages\/7257\/revisions"}],"predecessor-version":[{"id":7372,"href":"https:\/\/chaoshowmkt.site\/vi\/wp-json\/wp\/v2\/pages\/7257\/revisions\/7372"}],"wp:attachment":[{"href":"https:\/\/chaoshowmkt.site\/vi\/wp-json\/wp\/v2\/media?parent=7257"}],"curies":[{"name":"wp","href":"https:\/\/api.w.org\/{rel}","templated":true}]}}